{"id":18046,"date":"2025-09-24T13:42:17","date_gmt":"2025-09-24T06:42:17","guid":{"rendered":"https:\/\/3dgroup.vn\/?page_id=18046"},"modified":"2025-10-06T15:52:20","modified_gmt":"2025-10-06T08:52:20","slug":"nha-hang","status":"publish","type":"page","link":"https:\/\/3dgroup.vn\/en\/nha-hang\/","title":{"rendered":"Cafe, nh\u00e0 h\u00e0ng"},"content":{"rendered":"<div class=\"vc_row wpb_row vc_row-fluid\"><div class=\"wpb_column vc_column_container vc_col-sm-12\"><div class=\"vc_column-inner\"><div class=\"wpb_wrapper\"><div class=\"es-resp\">\t<div class=\"visible-xl\" style=\"height: 64px;\"><\/div>\t<div class=\"hidden-xl hidden-md hidden-sm hidden-ms hidden-xs\" style=\"height: 64px;\"><\/div>\t<div class=\"visible-md\" style=\"height: 64px;\"><\/div>\t<div class=\"visible-sm\" style=\"height: 64px;\"><\/div>\t<div class=\"visible-ms\" style=\"height: 32px;\"><\/div>\t<div class=\"visible-xs\" style=\"height: 32px;\"><\/div><\/div><\/div><\/div><\/div><\/div><div class=\"vc_row wpb_row vc_row-fluid\"><div class=\"wpb_column vc_column_container vc_col-sm-2\"><div class=\"vc_column-inner\"><div class=\"wpb_wrapper\"><div class=\"vc_empty_space\"   style=\"height: 32px\"><span class=\"vc_empty_space_inner\"><\/span><\/div><\/div><\/div><\/div><div class=\"wpb_column vc_column_container vc_col-sm-8\"><div class=\"vc_column-inner\"><div class=\"wpb_wrapper\">\n\t<div class=\"wpb_text_column wpb_content_element\" >\n\t\t<div class=\"wpb_wrapper\">\n\t\t\t\n\t\t<\/div>\n\t<\/div>\n<div class=\"es-resp\">\t<div class=\"visible-xl\" style=\"height: 25px;\"><\/div>\t<div class=\"hidden-xl hidden-md hidden-sm hidden-ms hidden-xs\" style=\"height: 25px;\"><\/div>\t<div class=\"visible-md\" style=\"height: 25px;\"><\/div>\t<div class=\"visible-sm\" style=\"height: 25px;\"><\/div>\t<div class=\"visible-ms\" style=\"height: 20px;\"><\/div>\t<div class=\"visible-xs\" style=\"height: 20px;\"><\/div><\/div><h5 style=\"text-align: center\" class=\"vc_custom_heading\" >Cafe<\/h5><div class=\"es-resp\">\t<div class=\"visible-xl\" style=\"height: 25px;\"><\/div>\t<div class=\"hidden-xl hidden-md hidden-sm hidden-ms hidden-xs\" style=\"height: 25px;\"><\/div>\t<div class=\"visible-md\" style=\"height: 25px;\"><\/div>\t<div class=\"visible-sm\" style=\"height: 25px;\"><\/div>\t<div class=\"visible-ms\" style=\"height: 20px;\"><\/div>\t<div class=\"visible-xs\" style=\"height: 20px;\"><\/div><\/div><div class=\"wpb_gallery wpb_content_element vc_clearfix\" ><div class=\"wpb_wrapper\"><div class=\"wpb_gallery_slides wpb_flexslider flexslider_fade flexslider\" data-interval=\"3\" data-flex_fx=\"fade\"><ul class=\"slides\"><li><a class=\"\" href=\"https:\/\/3dgroup.vn\/wp-content\/uploads\/2025\/10\/Cafe_2-1024x684.png\" data-lightbox=\"lightbox[rel-18046-2750513877]\"><img width=\"1600\" height=\"1068\" src=\"https:\/\/3dgroup.vn\/wp-content\/uploads\/2025\/10\/Cafe_2.png\" class=\"attachment-full\" alt=\"\" loading=\"lazy\" title=\"Cafe_2\" srcset=\"https:\/\/3dgroup.vn\/wp-content\/uploads\/2025\/10\/Cafe_2.png 1600w, https:\/\/3dgroup.vn\/wp-content\/uploads\/2025\/10\/Cafe_2-300x200.png 300w, https:\/\/3dgroup.vn\/wp-content\/uploads\/2025\/10\/Cafe_2-1024x684.png 1024w, https:\/\/3dgroup.vn\/wp-content\/uploads\/2025\/10\/Cafe_2-768x513.png 768w, https:\/\/3dgroup.vn\/wp-content\/uploads\/2025\/10\/Cafe_2-1536x1025.png 1536w, https:\/\/3dgroup.vn\/wp-content\/uploads\/2025\/10\/Cafe_2-18x12.png 18w, https:\/\/3dgroup.vn\/wp-content\/uploads\/2025\/10\/Cafe_2-128x84.png 128w, https:\/\/3dgroup.vn\/wp-content\/uploads\/2025\/10\/Cafe_2-495x330.png 495w, https:\/\/3dgroup.vn\/wp-content\/uploads\/2025\/10\/Cafe_2-800x534.png 800w, https:\/\/3dgroup.vn\/wp-content\/uploads\/2025\/10\/Cafe_2-550x367.png 550w\" sizes=\"(max-width: 1600px) 100vw, 1600px\" \/><\/a><\/li><li><a class=\"\" href=\"https:\/\/3dgroup.vn\/wp-content\/uploads\/2025\/10\/Cafe-1024x684.png\" data-lightbox=\"lightbox[rel-18046-2750513877]\"><img width=\"1600\" height=\"1068\" src=\"https:\/\/3dgroup.vn\/wp-content\/uploads\/2025\/10\/Cafe.png\" class=\"attachment-full\" alt=\"\" loading=\"lazy\" title=\"Cafe\" srcset=\"https:\/\/3dgroup.vn\/wp-content\/uploads\/2025\/10\/Cafe.png 1600w, https:\/\/3dgroup.vn\/wp-content\/uploads\/2025\/10\/Cafe-300x200.png 300w, https:\/\/3dgroup.vn\/wp-content\/uploads\/2025\/10\/Cafe-1024x684.png 1024w, https:\/\/3dgroup.vn\/wp-content\/uploads\/2025\/10\/Cafe-768x513.png 768w, https:\/\/3dgroup.vn\/wp-content\/uploads\/2025\/10\/Cafe-1536x1025.png 1536w, https:\/\/3dgroup.vn\/wp-content\/uploads\/2025\/10\/Cafe-18x12.png 18w, https:\/\/3dgroup.vn\/wp-content\/uploads\/2025\/10\/Cafe-128x84.png 128w, https:\/\/3dgroup.vn\/wp-content\/uploads\/2025\/10\/Cafe-495x330.png 495w, https:\/\/3dgroup.vn\/wp-content\/uploads\/2025\/10\/Cafe-800x534.png 800w, https:\/\/3dgroup.vn\/wp-content\/uploads\/2025\/10\/Cafe-550x367.png 550w\" sizes=\"(max-width: 1600px) 100vw, 1600px\" \/><\/a><\/li><li><a class=\"\" href=\"https:\/\/3dgroup.vn\/wp-content\/uploads\/2025\/10\/Cafe_3-1024x684.png\" data-lightbox=\"lightbox[rel-18046-2750513877]\"><img width=\"1600\" height=\"1068\" src=\"https:\/\/3dgroup.vn\/wp-content\/uploads\/2025\/10\/Cafe_3.png\" class=\"attachment-full\" alt=\"\" loading=\"lazy\" title=\"Cafe_3\" srcset=\"https:\/\/3dgroup.vn\/wp-content\/uploads\/2025\/10\/Cafe_3.png 1600w, https:\/\/3dgroup.vn\/wp-content\/uploads\/2025\/10\/Cafe_3-300x200.png 300w, https:\/\/3dgroup.vn\/wp-content\/uploads\/2025\/10\/Cafe_3-1024x684.png 1024w, https:\/\/3dgroup.vn\/wp-content\/uploads\/2025\/10\/Cafe_3-768x513.png 768w, https:\/\/3dgroup.vn\/wp-content\/uploads\/2025\/10\/Cafe_3-1536x1025.png 1536w, https:\/\/3dgroup.vn\/wp-content\/uploads\/2025\/10\/Cafe_3-18x12.png 18w, https:\/\/3dgroup.vn\/wp-content\/uploads\/2025\/10\/Cafe_3-128x84.png 128w, https:\/\/3dgroup.vn\/wp-content\/uploads\/2025\/10\/Cafe_3-495x330.png 495w, https:\/\/3dgroup.vn\/wp-content\/uploads\/2025\/10\/Cafe_3-800x534.png 800w, https:\/\/3dgroup.vn\/wp-content\/uploads\/2025\/10\/Cafe_3-550x367.png 550w\" sizes=\"(max-width: 1600px) 100vw, 1600px\" \/><\/a><\/li><\/ul><\/div><\/div><\/div><h5 style=\"text-align: center\" class=\"vc_custom_heading\" >Cafe, Restaurant<\/h5><div class=\"es-resp\">\t<div class=\"visible-xl\" style=\"height: 25px;\"><\/div>\t<div class=\"hidden-xl hidden-md hidden-sm hidden-ms hidden-xs\" style=\"height: 25px;\"><\/div>\t<div class=\"visible-md\" style=\"height: 25px;\"><\/div>\t<div class=\"visible-sm\" style=\"height: 25px;\"><\/div>\t<div class=\"visible-ms\" style=\"height: 20px;\"><\/div>\t<div class=\"visible-xs\" style=\"height: 20px;\"><\/div><\/div><div class=\"wpb_gallery wpb_content_element vc_clearfix\" ><div class=\"wpb_wrapper\"><div class=\"wpb_gallery_slides wpb_flexslider flexslider_fade flexslider\" data-interval=\"3\" data-flex_fx=\"fade\"><ul class=\"slides\"><li><a class=\"\" href=\"https:\/\/3dgroup.vn\/wp-content\/uploads\/2025\/10\/Nha_hang-1024x684.png\" data-lightbox=\"lightbox[rel-18046-2554905916]\"><img width=\"1600\" height=\"1068\" src=\"https:\/\/3dgroup.vn\/wp-content\/uploads\/2025\/10\/Nha_hang.png\" class=\"attachment-full\" alt=\"\" loading=\"lazy\" title=\"Nha_hang\" srcset=\"https:\/\/3dgroup.vn\/wp-content\/uploads\/2025\/10\/Nha_hang.png 1600w, https:\/\/3dgroup.vn\/wp-content\/uploads\/2025\/10\/Nha_hang-300x200.png 300w, https:\/\/3dgroup.vn\/wp-content\/uploads\/2025\/10\/Nha_hang-1024x684.png 1024w, https:\/\/3dgroup.vn\/wp-content\/uploads\/2025\/10\/Nha_hang-768x513.png 768w, https:\/\/3dgroup.vn\/wp-content\/uploads\/2025\/10\/Nha_hang-1536x1025.png 1536w, https:\/\/3dgroup.vn\/wp-content\/uploads\/2025\/10\/Nha_hang-18x12.png 18w, https:\/\/3dgroup.vn\/wp-content\/uploads\/2025\/10\/Nha_hang-128x84.png 128w, https:\/\/3dgroup.vn\/wp-content\/uploads\/2025\/10\/Nha_hang-495x330.png 495w, https:\/\/3dgroup.vn\/wp-content\/uploads\/2025\/10\/Nha_hang-800x534.png 800w, https:\/\/3dgroup.vn\/wp-content\/uploads\/2025\/10\/Nha_hang-550x367.png 550w\" sizes=\"(max-width: 1600px) 100vw, 1600px\" \/><\/a><\/li><li><a class=\"\" href=\"https:\/\/3dgroup.vn\/wp-content\/uploads\/2025\/10\/Cafe_1-1024x684.png\" data-lightbox=\"lightbox[rel-18046-2554905916]\"><img width=\"1600\" height=\"1068\" src=\"https:\/\/3dgroup.vn\/wp-content\/uploads\/2025\/10\/Cafe_1.png\" class=\"attachment-full\" alt=\"\" loading=\"lazy\" title=\"Cafe_1\" srcset=\"https:\/\/3dgroup.vn\/wp-content\/uploads\/2025\/10\/Cafe_1.png 1600w, https:\/\/3dgroup.vn\/wp-content\/uploads\/2025\/10\/Cafe_1-300x200.png 300w, https:\/\/3dgroup.vn\/wp-content\/uploads\/2025\/10\/Cafe_1-1024x684.png 1024w, https:\/\/3dgroup.vn\/wp-content\/uploads\/2025\/10\/Cafe_1-768x513.png 768w, https:\/\/3dgroup.vn\/wp-content\/uploads\/2025\/10\/Cafe_1-1536x1025.png 1536w, https:\/\/3dgroup.vn\/wp-content\/uploads\/2025\/10\/Cafe_1-18x12.png 18w, https:\/\/3dgroup.vn\/wp-content\/uploads\/2025\/10\/Cafe_1-128x84.png 128w, https:\/\/3dgroup.vn\/wp-content\/uploads\/2025\/10\/Cafe_1-495x330.png 495w, https:\/\/3dgroup.vn\/wp-content\/uploads\/2025\/10\/Cafe_1-800x534.png 800w, https:\/\/3dgroup.vn\/wp-content\/uploads\/2025\/10\/Cafe_1-550x367.png 550w\" sizes=\"(max-width: 1600px) 100vw, 1600px\" \/><\/a><\/li><\/ul><\/div><\/div><\/div><\/div><\/div><\/div><div class=\"wpb_column vc_column_container vc_col-sm-2\"><div class=\"vc_column-inner\"><div class=\"wpb_wrapper\"><\/div><\/div><\/div><\/div><div class=\"vc_row wpb_row vc_row-fluid\"><div class=\"wpb_column vc_column_container vc_col-sm-2\"><div class=\"vc_column-inner\"><div class=\"wpb_wrapper\"><div class=\"vc_empty_space\"   style=\"height: 32px\"><span class=\"vc_empty_space_inner\"><\/span><\/div><\/div><\/div><\/div><div class=\"wpb_column vc_column_container vc_col-sm-8\"><div class=\"vc_column-inner\"><div class=\"wpb_wrapper\"><div class=\"es-resp\">\t<div class=\"visible-xl\" style=\"height: 50px;\"><\/div>\t<div class=\"hidden-xl hidden-md hidden-sm hidden-ms hidden-xs\" style=\"height: 50px;\"><\/div>\t<div class=\"visible-md\" style=\"height: 50px;\"><\/div>\t<div class=\"visible-sm\" style=\"height: 50px;\"><\/div>\t<div class=\"visible-ms\" style=\"height: 20px;\"><\/div>\t<div class=\"visible-xs\" style=\"height: 20px;\"><\/div><\/div><h5 style=\"color: #0f0f0f;text-align: center\" class=\"vc_custom_heading\" >G\u1ecdi ngay 090 385 8818 ho\u1eb7c<br \/>\ng\u1eedi l\u1ea1i l\u1eddi nh\u1eafn \u0111\u1ec3 nh\u1eadn t\u01b0 v\u1ea5n mi\u1ec5n ph\u00ed<\/h5><style id=\"wpforms-css-vars-17182\">\n\t\t\t\t#wpforms-17182 {\n\t\t\t\t--wpforms-field-border-radius: 0px;\n--wpforms-field-border-color: #cccccc;\n--wpforms-field-border-color-spare: #cccccc;\n--wpforms-field-text-color: #444444;\n--wpforms-label-color: #262626;\n--wpforms-label-sublabel-color: #7f7f7f;\n--wpforms-label-error-color: #ff0000;\n--wpforms-button-border-style: solid;\n--wpforms-button-border-radius: 0px;\n--wpforms-button-background-color: #dddddd;\n--wpforms-button-border-color: #cccccc;\n--wpforms-button-text-color: #666666;\n--wpforms-container-padding: 0px;\n--wpforms-container-border-width: 1px;\n--wpforms-container-border-radius: 3px;\n--wpforms-background-color: rgba(0, 0, 0, 0);\n--wpforms-page-break-color: #dddddd;\n--wpforms-field-size-input-height: 43px;\n--wpforms-field-size-input-spacing: 15px;\n--wpforms-field-size-font-size: 16px;\n--wpforms-field-size-line-height: 19px;\n--wpforms-field-size-padding-h: 14px;\n--wpforms-field-size-checkbox-size: 16px;\n--wpforms-field-size-sublabel-spacing: 5px;\n--wpforms-field-size-icon-size: 1;\n--wpforms-label-size-font-size: 14px;\n--wpforms-label-size-line-height: 17px;\n--wpforms-label-size-sublabel-font-size: 13px;\n--wpforms-label-size-sublabel-line-height: 16px;\n--wpforms-button-size-font-size: 17px;\n--wpforms-button-size-height: 41px;\n--wpforms-button-size-padding-h: 15px;\n--wpforms-button-size-margin-top: 10px;\n--wpforms-container-shadow-size-box-shadow: none;\n\n\t\t\t}\n\t\t\t<\/style><div class=\"wpforms-container wpforms-container-full wpforms-render-modern\" id=\"wpforms-17182\"><form id=\"wpforms-form-17182\" class=\"wpforms-validate wpforms-form wpforms-ajax-form\" data-formid=\"17182\" method=\"post\" enctype=\"multipart\/form-data\" action=\"\/en\/wp-json\/wp\/v2\/pages\/18046\" data-token=\"1e3b3ff3000c110aca5c991880600d2d\" data-token-time=\"1777132488\" data-trp-original-action=\"\/en\/wp-json\/wp\/v2\/pages\/18046\"><noscript class=\"wpforms-error-noscript\">Please enable JavaScript in your browser to complete this form.<\/noscript><div id=\"wpforms-error-noscript\" style=\"display: none;\">Please enable JavaScript in your browser to complete this form.<\/div><div class=\"wpforms-field-container\"><div id=\"wpforms-17182-field_1-container\" class=\"wpforms-field wpforms-field-name\" data-field-id=\"1\"><label class=\"wpforms-field-label\" for=\"wpforms-17182-field_1\">Your name <span class=\"wpforms-required-label\" aria-hidden=\"true\">*<\/span><\/label><input type=\"text\" id=\"wpforms-17182-field_1\" class=\"wpforms-field-medium wpforms-field-required\" name=\"wpforms[fields][1]\" aria-errormessage=\"wpforms-17182-field_1-error\" required><\/div>\t\t<div id=\"wpforms-17182-field_5-container\"\n\t\t\tclass=\"wpforms-field wpforms-field-text\"\n\t\t\tdata-field-type=\"text\"\n\t\t\tdata-field-id=\"5\"\n\t\t\t>\n\t\t\t<label class=\"wpforms-field-label\" for=\"wpforms-17182-field_5\" >\u0110i\u1ec7n g\u00ec cho<\/label>\n\t\t\t<input type=\"text\" id=\"wpforms-17182-field_5\" class=\"wpforms-field-medium\" name=\"wpforms[fields][5]\" >\n\t\t<\/div>\n\t\t<div id=\"wpforms-17182-field_4-container\" class=\"wpforms-field wpforms-field-number\" data-field-id=\"4\"><label class=\"wpforms-field-label\" for=\"wpforms-17182-field_4\">Phone <span class=\"wpforms-required-label\" aria-hidden=\"true\">*<\/span><\/label><input type=\"number\" id=\"wpforms-17182-field_4\" class=\"wpforms-field-small wpforms-field-required\" name=\"wpforms[fields][4]\" step=\"any\" aria-errormessage=\"wpforms-17182-field_4-error\" required><\/div><div id=\"wpforms-17182-field_2-container\" class=\"wpforms-field wpforms-field-email\" data-field-id=\"2\"><label class=\"wpforms-field-label\" for=\"wpforms-17182-field_2\">Email <span class=\"wpforms-required-label\" aria-hidden=\"true\">*<\/span><\/label><input type=\"email\" id=\"wpforms-17182-field_2\" class=\"wpforms-field-small wpforms-field-required\" name=\"wpforms[fields][2]\" spellcheck=\"false\" aria-errormessage=\"wpforms-17182-field_2-error\" required><\/div><div id=\"wpforms-17182-field_3-container\" class=\"wpforms-field wpforms-field-textarea\" data-field-id=\"3\"><label class=\"wpforms-field-label\" for=\"wpforms-17182-field_3\">Please let us know how we can help you?  <span class=\"wpforms-required-label\" aria-hidden=\"true\">*<\/span><\/label><textarea id=\"wpforms-17182-field_3\" class=\"wpforms-field-medium wpforms-field-required\" name=\"wpforms[fields][3]\" aria-errormessage=\"wpforms-17182-field_3-error\" required><\/textarea><\/div><script>\n\t\t\t\t( function() {\n\t\t\t\t\tconst style = document.createElement( 'style' );\n\t\t\t\t\tstyle.appendChild( document.createTextNode( '#wpforms-17182-field_5-container { position: absolute !important; overflow: hidden !important; display: inline !important; height: 1px !important; width: 1px !important; z-index: -1000 !important; padding: 0 !important; } #wpforms-17182-field_5-container input { visibility: hidden; } #wpforms-conversational-form-page #wpforms-17182-field_5-container label { counter-increment: none; }' ) );\n\t\t\t\t\tdocument.head.appendChild( style );\n\t\t\t\t\tdocument.currentScript?.remove();\n\t\t\t\t} )();\n\t\t\t<\/script><\/div><!-- .wpforms-field-container --><div class=\"wpforms-recaptcha-container wpforms-is-recaptcha wpforms-is-recaptcha-type-v3\" ><input type=\"hidden\" name=\"wpforms[recaptcha]\" value=\"\"><\/div><div class=\"wpforms-submit-container\" ><input type=\"hidden\" name=\"wpforms[id]\" value=\"17182\"><input type=\"hidden\" name=\"page_title\" value=\"\"><input type=\"hidden\" name=\"page_url\" value=\"https:\/\/3dgroup.vn\/en\/wp-json\/wp\/v2\/pages\/18046\"><input type=\"hidden\" name=\"url_referer\" value=\"\"><button type=\"submit\" name=\"wpforms[submit]\" id=\"wpforms-submit-17182\" class=\"wpforms-submit\" data-alt-text=\"\u0110ang g\u1eedi...\" data-submit-text=\"G\u1eedi 3D\" aria-live=\"assertive\" value=\"wpforms-submit\">Send 3D<\/button><img src=\"https:\/\/3dgroup.vn\/wp-content\/plugins\/wpforms-lite\/assets\/images\/submit-spin.svg\" class=\"wpforms-submit-spinner\" style=\"display: none;\" width=\"26\" height=\"26\" alt=\"Loading\"><\/div><input type=\"hidden\" name=\"trp-form-language\" value=\"en\"\/><\/form><\/div>  <!-- .wpforms-container --><\/div><\/div><\/div><div class=\"wpb_column vc_column_container vc_col-sm-2\"><div class=\"vc_column-inner\"><div class=\"wpb_wrapper\"><\/div><\/div><\/div><\/div>","protected":false},"excerpt":{"rendered":"Cafe Nh\u00e0 h\u00e0ng G\u1ecdi ngay 090 385 8818 ho\u1eb7c g\u1eedi l\u1ea1i l\u1eddi nh\u1eafn \u0111\u1ec3 nh\u1eadn t\u01b0 v\u1ea5n mi\u1ec5n ph\u00edPlease enable JavaScript in your browser to complete this form.Please enable JavaScript in your browser to complete this form.T\u00ean c\u1ee7a b\u1ea1n * \u0111\u01b0\u1ee3c \u0110i\u1ec7n T\u00ean \u0110i\u1ec7n tho\u1ea1i *Email *Vui l\u00f2ng cho bi\u1ebft, ch\u00fang t\u00f4i c\u00f3 th\u1ec3 gi\u00fap \u0111\u01b0\u1ee3c g\u00ec cho b\u1ea1n? *G\u1eedi 3D","protected":false},"author":1,"featured_media":0,"parent":0,"menu_order":0,"comment_status":"closed","ping_status":"closed","template":"","meta":[],"yoast_head":"<!-- This site is optimized with the Yoast SEO plugin v19.6.1 - https:\/\/yoast.com\/wordpress\/plugins\/seo\/ -->\n<title>Cafe, nh\u00e0 h\u00e0ng - 3dgroup.vn<\/title>\n<meta name=\"robots\" content=\"index, follow, max-snippet:-1, max-image-preview:large, max-video-preview:-1\" \/>\n<link rel=\"canonical\" href=\"https:\/\/3dgroup.vn\/en\/nha-hang\/\" \/>\n<meta property=\"og:locale\" content=\"en_US\" \/>\n<meta property=\"og:type\" content=\"article\" \/>\n<meta property=\"og:title\" content=\"Cafe, nh\u00e0 h\u00e0ng - 3dgroup.vn\" \/>\n<meta property=\"og:url\" content=\"https:\/\/3dgroup.vn\/en\/nha-hang\/\" \/>\n<meta property=\"og:site_name\" content=\"3dgroup.vn\" \/>\n<meta property=\"article:modified_time\" content=\"2025-10-06T08:52:20+00:00\" \/>\n<meta name=\"twitter:card\" content=\"summary_large_image\" \/>\n<meta name=\"twitter:label1\" content=\"Est. reading time\" \/>\n\t<meta name=\"twitter:data1\" content=\"1 minute\" \/>\n<script type=\"application\/ld+json\" class=\"yoast-schema-graph\">{\"@context\":\"https:\/\/schema.org\",\"@graph\":[{\"@type\":\"WebPage\",\"@id\":\"https:\/\/3dgroup.vn\/nha-hang\/\",\"url\":\"https:\/\/3dgroup.vn\/nha-hang\/\",\"name\":\"Cafe, nh\u00e0 h\u00e0ng - 3dgroup.vn\",\"isPartOf\":{\"@id\":\"https:\/\/3dgroup.vn\/#website\"},\"datePublished\":\"2025-09-24T06:42:17+00:00\",\"dateModified\":\"2025-10-06T08:52:20+00:00\",\"breadcrumb\":{\"@id\":\"https:\/\/3dgroup.vn\/nha-hang\/#breadcrumb\"},\"inLanguage\":\"en-US\",\"potentialAction\":[{\"@type\":\"ReadAction\",\"target\":[\"https:\/\/3dgroup.vn\/nha-hang\/\"]}]},{\"@type\":\"BreadcrumbList\",\"@id\":\"https:\/\/3dgroup.vn\/nha-hang\/#breadcrumb\",\"itemListElement\":[{\"@type\":\"ListItem\",\"position\":1,\"name\":\"Home\",\"item\":\"https:\/\/3dgroup.vn\/\"},{\"@type\":\"ListItem\",\"position\":2,\"name\":\"Cafe, nh\u00e0 h\u00e0ng\"}]},{\"@type\":\"WebSite\",\"@id\":\"https:\/\/3dgroup.vn\/#website\",\"url\":\"https:\/\/3dgroup.vn\/\",\"name\":\"3dgroup.vn\",\"description\":\"interior furniture\",\"publisher\":{\"@id\":\"https:\/\/3dgroup.vn\/#organization\"},\"potentialAction\":[{\"@type\":\"SearchAction\",\"target\":{\"@type\":\"EntryPoint\",\"urlTemplate\":\"https:\/\/3dgroup.vn\/?s={search_term_string}\"},\"query-input\":\"required name=search_term_string\"}],\"inLanguage\":\"en-US\"},{\"@type\":\"Organization\",\"@id\":\"https:\/\/3dgroup.vn\/#organization\",\"name\":\"3dgroup.vn\",\"url\":\"https:\/\/3dgroup.vn\/\",\"sameAs\":[],\"logo\":{\"@type\":\"ImageObject\",\"inLanguage\":\"en-US\",\"@id\":\"https:\/\/3dgroup.vn\/#\/schema\/logo\/image\/\",\"url\":\"https:\/\/3dgroup.vn\/wp-content\/uploads\/2018\/02\/logo-3d-black-2x.png\",\"contentUrl\":\"https:\/\/3dgroup.vn\/wp-content\/uploads\/2018\/02\/logo-3d-black-2x.png\",\"width\":356,\"height\":100,\"caption\":\"3dgroup.vn\"},\"image\":{\"@id\":\"https:\/\/3dgroup.vn\/#\/schema\/logo\/image\/\"}}]}<\/script>\n<!-- \/ Yoast SEO plugin. -->","yoast_head_json":{"title":"Cafe, nh\u00e0 h\u00e0ng - 3dgroup.vn","robots":{"index":"index","follow":"follow","max-snippet":"max-snippet:-1","max-image-preview":"max-image-preview:large","max-video-preview":"max-video-preview:-1"},"canonical":"https:\/\/3dgroup.vn\/en\/nha-hang\/","og_locale":"en_US","og_type":"article","og_title":"Cafe, nh\u00e0 h\u00e0ng - 3dgroup.vn","og_url":"https:\/\/3dgroup.vn\/en\/nha-hang\/","og_site_name":"3dgroup.vn","article_modified_time":"2025-10-06T08:52:20+00:00","twitter_card":"summary_large_image","twitter_misc":{"Est. reading time":"1 minute"},"schema":{"@context":"https:\/\/schema.org","@graph":[{"@type":"WebPage","@id":"https:\/\/3dgroup.vn\/nha-hang\/","url":"https:\/\/3dgroup.vn\/nha-hang\/","name":"Cafe, nh\u00e0 h\u00e0ng - 3dgroup.vn","isPartOf":{"@id":"https:\/\/3dgroup.vn\/#website"},"datePublished":"2025-09-24T06:42:17+00:00","dateModified":"2025-10-06T08:52:20+00:00","breadcrumb":{"@id":"https:\/\/3dgroup.vn\/nha-hang\/#breadcrumb"},"inLanguage":"en-US","potentialAction":[{"@type":"ReadAction","target":["https:\/\/3dgroup.vn\/nha-hang\/"]}]},{"@type":"BreadcrumbList","@id":"https:\/\/3dgroup.vn\/nha-hang\/#breadcrumb","itemListElement":[{"@type":"ListItem","position":1,"name":"Home","item":"https:\/\/3dgroup.vn\/"},{"@type":"ListItem","position":2,"name":"Cafe, nh\u00e0 h\u00e0ng"}]},{"@type":"WebSite","@id":"https:\/\/3dgroup.vn\/#website","url":"https:\/\/3dgroup.vn\/","name":"3dgroup.vn","description":"interior furniture","publisher":{"@id":"https:\/\/3dgroup.vn\/#organization"},"potentialAction":[{"@type":"SearchAction","target":{"@type":"EntryPoint","urlTemplate":"https:\/\/3dgroup.vn\/?s={search_term_string}"},"query-input":"required name=search_term_string"}],"inLanguage":"en-US"},{"@type":"Organization","@id":"https:\/\/3dgroup.vn\/#organization","name":"3dgroup.vn","url":"https:\/\/3dgroup.vn\/","sameAs":[],"logo":{"@type":"ImageObject","inLanguage":"en-US","@id":"https:\/\/3dgroup.vn\/#\/schema\/logo\/image\/","url":"https:\/\/3dgroup.vn\/wp-content\/uploads\/2018\/02\/logo-3d-black-2x.png","contentUrl":"https:\/\/3dgroup.vn\/wp-content\/uploads\/2018\/02\/logo-3d-black-2x.png","width":356,"height":100,"caption":"3dgroup.vn"},"image":{"@id":"https:\/\/3dgroup.vn\/#\/schema\/logo\/image\/"}}]}},"_links":{"self":[{"href":"https:\/\/3dgroup.vn\/en\/wp-json\/wp\/v2\/pages\/18046"}],"collection":[{"href":"https:\/\/3dgroup.vn\/en\/wp-json\/wp\/v2\/pages"}],"about":[{"href":"https:\/\/3dgroup.vn\/en\/wp-json\/wp\/v2\/types\/page"}],"author":[{"embeddable":true,"href":"https:\/\/3dgroup.vn\/en\/wp-json\/wp\/v2\/users\/1"}],"replies":[{"embeddable":true,"href":"https:\/\/3dgroup.vn\/en\/wp-json\/wp\/v2\/comments?post=18046"}],"version-history":[{"count":9,"href":"https:\/\/3dgroup.vn\/en\/wp-json\/wp\/v2\/pages\/18046\/revisions"}],"predecessor-version":[{"id":19674,"href":"https:\/\/3dgroup.vn\/en\/wp-json\/wp\/v2\/pages\/18046\/revisions\/19674"}],"wp:attachment":[{"href":"https:\/\/3dgroup.vn\/en\/wp-json\/wp\/v2\/media?parent=18046"}],"curies":[{"name":"wp","href":"https:\/\/api.w.org\/{rel}","templated":true}]}}